{"id":388,"date":"2021-11-02T12:13:37","date_gmt":"2021-11-02T12:13:37","guid":{"rendered":"https:\/\/demo.zorentino.com\/?page_id=388"},"modified":"2026-04-19T12:51:59","modified_gmt":"2026-04-19T11:51:59","slug":"badepass-therme","status":"publish","type":"page","link":"https:\/\/haus-piesendorf.gaeste-mappe.at\/de\/badespass-therme\/","title":{"rendered":"Spa \/ Thermalbad"},"content":{"rendered":"<div data-elementor-type=\"wp-page\" data-elementor-id=\"388\" class=\"elementor elementor-388\" data-elementor-post-type=\"page\">\n\t\t\t\t\t\t<section class=\"elementor-section elementor-top-section elementor-element elementor-element-62cec5d8 elementor-section-boxed elementor-section-height-default elementor-section-height-default\" data-id=\"62cec5d8\" data-element_type=\"section\" data-e-type=\"section\" data-settings=\"{&quot;background_background&quot;:&quot;classic&quot;}\">\n\t\t\t\t\t\t<div class=\"elementor-container elementor-column-gap-default\">\n\t\t\t\t\t<div class=\"elementor-column elementor-col-100 elementor-top-column elementor-element elementor-element-5df51033\" data-id=\"5df51033\" data-element_type=\"column\" data-e-type=\"column\">\n\t\t\t<div class=\"elementor-widget-wrap elementor-element-populated\">\n\t\t\t\t\t\t<div class=\"elementor-element elementor-element-1e19c180 kopf elementor-icon-list--layout-traditional elementor-list-item-link-full_width elementor-widget elementor-widget-icon-list\" data-id=\"1e19c180\" data-element_type=\"widget\" data-e-type=\"widget\" data-widget_type=\"icon-list.default\">\n\t\t\t\t<div class=\"elementor-widget-container\">\n\t\t\t\t\t\t\t<ul class=\"elementor-icon-list-items\">\n\t\t\t\t\t\t\t<li class=\"elementor-icon-list-item\">\n\t\t\t\t\t\t\t\t\t\t\t<span class=\"elementor-icon-list-icon\">\n\t\t\t\t\t\t\t<svg xmlns=\"http:\/\/www.w3.org\/2000\/svg\" id=\"Layer_30\" height=\"512\" viewbox=\"0 0 32 32\" width=\"512\" data-name=\"Layer 30\"><path d=\"m13 17h7v1.47a5.665 5.665 0 0 1 1.56 1.13 5.833 5.833 0 0 1 .44-.4v-14.2a1 1 0 0 1 2 0 1 1 0 0 0 2 0 3 3 0 0 0 -6 0v4h-7v-4a1 1 0 0 1 2 0 1 1 0 0 0 2 0 3 3 0 0 0 -6 0v13.03a4.866 4.866 0 0 1 2 .67zm7-6v4h-7v-4z\"><\/path><path d=\"m29 22a1.412 1.412 0 0 1 -1.127-.681 3.206 3.206 0 0 0 -5.184 0 1.27 1.27 0 0 1 -2.251 0 3.2 3.2 0 0 0 -5.179 0 1.4 1.4 0 0 1 -1.122.681 1.406 1.406 0 0 1 -1.122-.68 3.313 3.313 0 0 0 -2.59-1.32 3.313 3.313 0 0 0 -2.589 1.319 1.4 1.4 0 0 1 -1.123.681 1.4 1.4 0 0 1 -1.123-.681 3.316 3.316 0 0 0 -2.59-1.319 1 1 0 0 0 -1 1v9h28v-7a1 1 0 0 0 -1-1z\"><\/path><\/svg>\t\t\t\t\t\t<\/span>\n\t\t\t\t\t\t\t\t\t\t<span class=\"elementor-icon-list-text\">Tauern Spa<\/span>\n\t\t\t\t\t\t\t\t\t<\/li>\n\t\t\t\t\t\t<\/ul>\n\t\t\t\t\t\t<\/div>\n\t\t\t\t<\/div>\n\t\t\t\t\t<\/div>\n\t\t<\/div>\n\t\t\t\t\t<\/div>\n\t\t<\/section>\n\t\t\t\t<section class=\"elementor-section elementor-top-section elementor-element elementor-element-dc164d7 elementor-section-boxed elementor-section-height-default elementor-section-height-default\" data-id=\"dc164d7\" data-element_type=\"section\" data-e-type=\"section\">\n\t\t\t\t\t\t<div class=\"elementor-container elementor-column-gap-default\">\n\t\t\t\t\t<div class=\"elementor-column elementor-col-25 elementor-top-column elementor-element elementor-element-816e378\" data-id=\"816e378\" data-element_type=\"column\" data-e-type=\"column\">\n\t\t\t<div class=\"elementor-widget-wrap elementor-element-populated\">\n\t\t\t\t\t\t<div class=\"elementor-element elementor-element-e88cf48 elementor-widget elementor-widget-image\" data-id=\"e88cf48\" data-element_type=\"widget\" data-e-type=\"widget\" data-widget_type=\"image.default\">\n\t\t\t\t<div class=\"elementor-widget-container\">\n\t\t\t\t\t\t\t\t\t\t\t\t\t\t\t\t<a href=\"https:\/\/haus-piesendorf.gaeste-mappe.at\/wp-content\/uploads\/2024\/12\/spa-innen.jpg\" data-elementor-open-lightbox=\"yes\" data-elementor-lightbox-title=\"spa-innen\" data-e-action-hash=\"#elementor-action%3Aaction%3Dlightbox%26settings%3DeyJpZCI6MTQxNjMsInVybCI6Imh0dHBzOlwvXC9oYXVzLXBpZXNlbmRvcmYuZ2Flc3RlLW1hcHBlLmF0XC93cC1jb250ZW50XC91cGxvYWRzXC8yMDI0XC8xMlwvc3BhLWlubmVuLmpwZyJ9\">\n\t\t\t\t\t\t\t<img fetchpriority=\"high\" decoding=\"async\" width=\"766\" height=\"695\" src=\"https:\/\/haus-piesendorf.gaeste-mappe.at\/wp-content\/uploads\/2024\/12\/spa-innen.jpg\" class=\"attachment-large size-large wp-image-14163\" alt=\"\" srcset=\"https:\/\/haus-piesendorf.gaeste-mappe.at\/wp-content\/uploads\/2024\/12\/spa-innen.jpg 766w, https:\/\/haus-piesendorf.gaeste-mappe.at\/wp-content\/uploads\/2024\/12\/spa-innen-300x272.jpg 300w, https:\/\/haus-piesendorf.gaeste-mappe.at\/wp-content\/uploads\/2024\/12\/spa-innen-13x12.jpg 13w\" sizes=\"(max-width: 766px) 100vw, 766px\" \/>\t\t\t\t\t\t\t\t<\/a>\n\t\t\t\t\t\t\t\t\t\t\t\t\t\t\t<\/div>\n\t\t\t\t<\/div>\n\t\t\t\t\t<\/div>\n\t\t<\/div>\n\t\t\t\t<div class=\"elementor-column elementor-col-25 elementor-top-column elementor-element elementor-element-63b10e8\" data-id=\"63b10e8\" data-element_type=\"column\" data-e-type=\"column\">\n\t\t\t<div class=\"elementor-widget-wrap elementor-element-populated\">\n\t\t\t\t\t\t<div class=\"elementor-element elementor-element-123a377 elementor-widget elementor-widget-image\" data-id=\"123a377\" data-element_type=\"widget\" data-e-type=\"widget\" data-widget_type=\"image.default\">\n\t\t\t\t<div class=\"elementor-widget-container\">\n\t\t\t\t\t\t\t\t\t\t\t\t\t\t\t\t<a href=\"https:\/\/haus-piesendorf.gaeste-mappe.at\/wp-content\/uploads\/2024\/12\/spa-rutsche.webp\" data-elementor-open-lightbox=\"yes\" data-elementor-lightbox-title=\"spa-rutsche\" data-e-action-hash=\"#elementor-action%3Aaction%3Dlightbox%26settings%3DeyJpZCI6MTQxNjUsInVybCI6Imh0dHBzOlwvXC9oYXVzLXBpZXNlbmRvcmYuZ2Flc3RlLW1hcHBlLmF0XC93cC1jb250ZW50XC91cGxvYWRzXC8yMDI0XC8xMlwvc3BhLXJ1dHNjaGUud2VicCJ9\">\n\t\t\t\t\t\t\t<img decoding=\"async\" width=\"416\" height=\"377\" src=\"https:\/\/haus-piesendorf.gaeste-mappe.at\/wp-content\/uploads\/2024\/12\/spa-rutsche.webp\" class=\"attachment-large size-large wp-image-14165\" alt=\"\" srcset=\"https:\/\/haus-piesendorf.gaeste-mappe.at\/wp-content\/uploads\/2024\/12\/spa-rutsche.webp 416w, https:\/\/haus-piesendorf.gaeste-mappe.at\/wp-content\/uploads\/2024\/12\/spa-rutsche-300x272.webp 300w, https:\/\/haus-piesendorf.gaeste-mappe.at\/wp-content\/uploads\/2024\/12\/spa-rutsche-13x12.webp 13w\" sizes=\"(max-width: 416px) 100vw, 416px\" \/>\t\t\t\t\t\t\t\t<\/a>\n\t\t\t\t\t\t\t\t\t\t\t\t\t\t\t<\/div>\n\t\t\t\t<\/div>\n\t\t\t\t\t<\/div>\n\t\t<\/div>\n\t\t\t\t<div class=\"elementor-column elementor-col-25 elementor-top-column elementor-element elementor-element-054efd3\" data-id=\"054efd3\" data-element_type=\"column\" data-e-type=\"column\">\n\t\t\t<div class=\"elementor-widget-wrap elementor-element-populated\">\n\t\t\t\t\t\t<div class=\"elementor-element elementor-element-c0c86fb elementor-widget elementor-widget-image\" data-id=\"c0c86fb\" data-element_type=\"widget\" data-e-type=\"widget\" data-widget_type=\"image.default\">\n\t\t\t\t<div class=\"elementor-widget-container\">\n\t\t\t\t\t\t\t\t\t\t\t\t\t\t\t\t<a href=\"https:\/\/haus-piesendorf.gaeste-mappe.at\/wp-content\/uploads\/2024\/12\/spa-nacht.webp\" data-elementor-open-lightbox=\"yes\" data-elementor-lightbox-title=\"spa-nacht\" data-e-action-hash=\"#elementor-action%3Aaction%3Dlightbox%26settings%3DeyJpZCI6MTQxNjQsInVybCI6Imh0dHBzOlwvXC9oYXVzLXBpZXNlbmRvcmYuZ2Flc3RlLW1hcHBlLmF0XC93cC1jb250ZW50XC91cGxvYWRzXC8yMDI0XC8xMlwvc3BhLW5hY2h0LndlYnAifQ%3D%3D\">\n\t\t\t\t\t\t\t<img decoding=\"async\" width=\"416\" height=\"377\" src=\"https:\/\/haus-piesendorf.gaeste-mappe.at\/wp-content\/uploads\/2024\/12\/spa-nacht.webp\" class=\"attachment-large size-large wp-image-14164\" alt=\"\" srcset=\"https:\/\/haus-piesendorf.gaeste-mappe.at\/wp-content\/uploads\/2024\/12\/spa-nacht.webp 416w, https:\/\/haus-piesendorf.gaeste-mappe.at\/wp-content\/uploads\/2024\/12\/spa-nacht-300x272.webp 300w, https:\/\/haus-piesendorf.gaeste-mappe.at\/wp-content\/uploads\/2024\/12\/spa-nacht-13x12.webp 13w\" sizes=\"(max-width: 416px) 100vw, 416px\" \/>\t\t\t\t\t\t\t\t<\/a>\n\t\t\t\t\t\t\t\t\t\t\t\t\t\t\t<\/div>\n\t\t\t\t<\/div>\n\t\t\t\t\t<\/div>\n\t\t<\/div>\n\t\t\t\t<div class=\"elementor-column elementor-col-25 elementor-top-column elementor-element elementor-element-2b3c66f\" data-id=\"2b3c66f\" data-element_type=\"column\" data-e-type=\"column\">\n\t\t\t<div class=\"elementor-widget-wrap elementor-element-populated\">\n\t\t\t\t\t\t<div class=\"elementor-element elementor-element-910dd68 elementor-widget elementor-widget-image\" data-id=\"910dd68\" data-element_type=\"widget\" data-e-type=\"widget\" data-widget_type=\"image.default\">\n\t\t\t\t<div class=\"elementor-widget-container\">\n\t\t\t\t\t\t\t\t\t\t\t\t\t\t\t\t<a href=\"https:\/\/haus-piesendorf.gaeste-mappe.at\/wp-content\/uploads\/2024\/12\/spa-wasser.webp\" data-elementor-open-lightbox=\"yes\" data-elementor-lightbox-title=\"spa-wasser\" data-e-action-hash=\"#elementor-action%3Aaction%3Dlightbox%26settings%3DeyJpZCI6MTQxNjYsInVybCI6Imh0dHBzOlwvXC9oYXVzLXBpZXNlbmRvcmYuZ2Flc3RlLW1hcHBlLmF0XC93cC1jb250ZW50XC91cGxvYWRzXC8yMDI0XC8xMlwvc3BhLXdhc3Nlci53ZWJwIn0%3D\">\n\t\t\t\t\t\t\t<img loading=\"lazy\" decoding=\"async\" width=\"416\" height=\"377\" src=\"https:\/\/haus-piesendorf.gaeste-mappe.at\/wp-content\/uploads\/2024\/12\/spa-wasser.webp\" class=\"attachment-large size-large wp-image-14166\" alt=\"\" srcset=\"https:\/\/haus-piesendorf.gaeste-mappe.at\/wp-content\/uploads\/2024\/12\/spa-wasser.webp 416w, https:\/\/haus-piesendorf.gaeste-mappe.at\/wp-content\/uploads\/2024\/12\/spa-wasser-300x272.webp 300w, https:\/\/haus-piesendorf.gaeste-mappe.at\/wp-content\/uploads\/2024\/12\/spa-wasser-13x12.webp 13w\" sizes=\"(max-width: 416px) 100vw, 416px\" \/>\t\t\t\t\t\t\t\t<\/a>\n\t\t\t\t\t\t\t\t\t\t\t\t\t\t\t<\/div>\n\t\t\t\t<\/div>\n\t\t\t\t\t<\/div>\n\t\t<\/div>\n\t\t\t\t\t<\/div>\n\t\t<\/section>\n\t\t\t\t<section class=\"elementor-section elementor-top-section elementor-element elementor-element-546379c3 elementor-section-boxed elementor-section-height-default elementor-section-height-default\" data-id=\"546379c3\" data-element_type=\"section\" data-e-type=\"section\">\n\t\t\t\t\t\t<div class=\"elementor-container elementor-column-gap-default\">\n\t\t\t\t\t<div class=\"elementor-column elementor-col-100 elementor-top-column elementor-element elementor-element-44c3c371\" data-id=\"44c3c371\" data-element_type=\"column\" data-e-type=\"column\">\n\t\t\t<div class=\"elementor-widget-wrap elementor-element-populated\">\n\t\t\t\t\t\t<div class=\"elementor-element elementor-element-720e0220 elementor-widget elementor-widget-text-editor\" data-id=\"720e0220\" data-element_type=\"widget\" data-e-type=\"widget\" data-widget_type=\"text-editor.default\">\n\t\t\t\t<div class=\"elementor-widget-container\">\n\t\t\t\t\t\t\t\t\t<p class=\"translation-block\">Kaprun ist die Heimat des <strong><u>Tauern Spa<\/u><\/strong>. Das Haus Piesendorf ist ein Partner der Therme, daher erhalten alle unsere G\u00e4ste 10% Rabatt auf alle Eintrittskarten. Sie k\u00f6nnen die Eintrittskarten direkt bei uns bestellen, so vermeiden Sie Wartezeiten an der Kasse. Die Tauerntherme ist t\u00e4glich von 9 Uhr bis 21 Uhr ge\u00f6ffnet.<\/p><p>Tageskarte nur f\u00fcr das Spa im Winter ab 39,00 \u20ac f\u00fcr Erwachsene mit Sauna ab 58,00 \u20ac.<\/p><p>Eine Abendkarte von 17 Uhr bis zur Schlie\u00dfung ab 33,50 \u20ac nur f\u00fcr das Spa. Die aufgef\u00fchrten Preise schlie\u00dfen bereits den 10 %-Rabatt aus, den Sie erhalten, wenn Sie eine Karte bei uns kaufen.<\/p><p>Es sind auch Familienkarten erh\u00e4ltlich. Das Tauern Spa ist auch f\u00fcr Kinder geeignet. Das Wasser ist angenehm und es gibt 2 Rutschen. Eine Kinderbetreuung ist ebenfalls verf\u00fcgbar. Alle aktuellen Preise finden Sie in der Tauern Spa Brosch\u00fcre.<\/p><p><a href=\"https:\/\/www.tauernspakaprun.com\/\" rel=\"noopener\" target=\"_blank\"><span style=\"text-decoration: underline;\">https:\/\/www.tauernspakaprun.com\/<\/span><\/a><\/p>\t\t\t\t\t\t\t\t<\/div>\n\t\t\t\t<\/div>\n\t\t\t\t\t<\/div>\n\t\t<\/div>\n\t\t\t\t\t<\/div>\n\t\t<\/section>\n\t\t\t\t<section class=\"elementor-section elementor-top-section elementor-element elementor-element-d585803 elementor-section-boxed elementor-section-height-default elementor-section-height-default\" data-id=\"d585803\" data-element_type=\"section\" data-e-type=\"section\">\n\t\t\t\t\t\t<div class=\"elementor-container elementor-column-gap-default\">\n\t\t\t\t\t<div class=\"elementor-column elementor-col-100 elementor-top-column elementor-element elementor-element-94c1204\" data-id=\"94c1204\" data-element_type=\"column\" data-e-type=\"column\">\n\t\t\t<div class=\"elementor-widget-wrap elementor-element-populated\">\n\t\t\t\t\t\t<div class=\"elementor-element elementor-element-33d5618 elementor-widget elementor-widget-google_maps\" data-id=\"33d5618\" data-element_type=\"widget\" data-e-type=\"widget\" data-widget_type=\"google_maps.default\">\n\t\t\t\t<div class=\"elementor-widget-container\">\n\t\t\t\t\t\t\t<div class=\"elementor-custom-embed\">\n\t\t\t<iframe loading=\"lazy\"\n\t\t\t\t\tsrc=\"https:\/\/maps.google.com\/maps?q=Tauern%20spa%20kaprun&#038;t=m&#038;z=10&#038;output=embed&#038;iwloc=near\"\n\t\t\t\t\ttitle=\"Tauern Spa kaprun\"\n\t\t\t\t\taria-label=\"Tauern Spa kaprun\"\n\t\t\t><\/iframe>\n\t\t<\/div>\n\t\t\t\t\t\t<\/div>\n\t\t\t\t<\/div>\n\t\t\t\t\t<\/div>\n\t\t<\/div>\n\t\t\t\t\t<\/div>\n\t\t<\/section>\n\t\t\t\t<section class=\"elementor-section elementor-top-section elementor-element elementor-element-6698f57 elementor-section-boxed elementor-section-height-default elementor-section-height-default\" data-id=\"6698f57\" data-element_type=\"section\" data-e-type=\"section\">\n\t\t\t\t\t\t<div class=\"elementor-container elementor-column-gap-default\">\n\t\t\t\t\t<div class=\"elementor-column elementor-col-100 elementor-top-column elementor-element elementor-element-73d882c\" data-id=\"73d882c\" data-element_type=\"column\" data-e-type=\"column\">\n\t\t\t<div class=\"elementor-widget-wrap elementor-element-populated\">\n\t\t\t\t\t\t<div class=\"elementor-element elementor-element-ac77597 elementor-icon-list--layout-traditional elementor-list-item-link-full_width elementor-widget elementor-widget-icon-list\" data-id=\"ac77597\" data-element_type=\"widget\" data-e-type=\"widget\" data-widget_type=\"icon-list.default\">\n\t\t\t\t<div class=\"elementor-widget-container\">\n\t\t\t\t\t\t\t<ul class=\"elementor-icon-list-items\">\n\t\t\t\t\t\t\t<li class=\"elementor-icon-list-item\">\n\t\t\t\t\t\t\t\t\t\t\t<span class=\"elementor-icon-list-icon\">\n\t\t\t\t\t\t\t<svg xmlns=\"http:\/\/www.w3.org\/2000\/svg\" xmlns:xlink=\"http:\/\/www.w3.org\/1999\/xlink\" id=\"Capa_1\" x=\"0px\" y=\"0px\" viewbox=\"0 0 495.087 495.087\" style=\"enable-background:new 0 0 495.087 495.087;\" xml:space=\"preserve\"><g id=\"XMLID_27_\">\t<path id=\"XMLID_28_\" d=\"M43.739,384.138c12.339-11.756,27.975-18.569,44.725-20.276l0.627-55.225  c-3.123-2.408-38.603-38.168-41.373-40.955l46.414,27.507c4.284,2.529,9.245,3.182,13.785,2.126l74.485-17.353  c10.067-2.352,16.316-12.418,13.981-22.483c-2.354-10.073-12.387-16.363-22.468-13.98l-67.173,15.655l-39.941-23.675  c27.977,8.156,22.096,6.441,35.77,10.444l44.918-10.469l39.891-36.075c7.65-6.933,8.264-18.769,1.322-26.435  c-6.941-7.673-18.797-8.246-26.443-1.328l-57.062,51.601L66.013,210.43c-0.594-0.201-10.016-1.949-13.399-1.949H37.17  c-20.533,0-37.17,16.645-37.17,37.17v131.296C14.365,370.666,31.597,373.018,43.739,384.138z\"><\/path>\t<path id=\"XMLID_29_\" d=\"M45.094,197.626c23.835,0,43.162-19.319,43.162-43.162c0-23.835-19.327-43.168-43.162-43.168  c-23.852,0-43.178,19.334-43.178,43.168C1.916,178.308,21.242,197.626,45.094,197.626z\"><\/path>\t<path id=\"XMLID_30_\" d=\"M293.447,183.034c-8.051,6.483-9.324,18.256-2.85,26.316l51.504,64.099  c1.337,1.658,2.932,3.068,4.719,4.188l34.045,21.121c-0.997,2.818-1.578,5.757-1.883,8.77l22.626-6.603l-39.939,23.674  l-67.174-15.654c-10.114-2.335-20.115,3.93-22.469,13.979c-2.334,10.065,3.914,20.138,13.98,22.482l74.486,17.354  c4.541,1.054,9.501,0.411,13.785-2.126l46.43-27.507l-30.727,30.745c22.369-3.358,46.157,2.56,63.324,17.963  c4.541-3.662,9.727-6.07,15.107-7.497v-63.243c0-20.527-16.639-37.162-37.154-37.162h-15.445c-1.16,0-2.256,0.225-3.383,0.33  l-43.145-26.751l-49.508-61.601C313.305,177.858,301.549,176.585,293.447,183.034z\"><\/path>\t<path id=\"XMLID_31_\" d=\"M423.318,263.07c23.867,0,43.179-19.319,43.179-43.153c0-23.844-19.312-43.17-43.179-43.17  c-23.836,0-43.16,19.327-43.16,43.17C380.158,243.751,399.482,263.07,423.318,263.07z\"><\/path>\t<path id=\"XMLID_32_\" d=\"M271.803,141.42c24.352,0,44.081-19.737,44.081-44.08c0-24.35-19.729-44.079-44.081-44.079  c-24.35,0-44.094,19.729-44.094,44.079C227.709,121.683,247.453,141.42,271.803,141.42z\"><\/path>\t<path id=\"XMLID_33_\" d=\"M490.3,402.03c-6.329-6.344-16.652-6.361-23.013,0.016c-7.523,7.522-20.632,7.489-28.152,0  c-19.777-19.825-54.339-19.865-74.213,0.008c-7.488,7.514-20.614,7.497-28.135-0.017c-19.52-19.535-54.645-19.567-74.228,0.025  c-7.763,7.746-20.357,7.763-28.151-0.025c-19.794-19.816-53.742-20.436-74.823,0.628c-7.184,7.206-19.698,7.19-26.913,0  c-19.455-19.495-53.436-19.503-72.955,0c-8.518,8.511-23.401,8.511-31.921,0c-6.36-6.361-16.651-6.353-23.013-0.008  c-6.361,6.354-6.361,16.661,0,23.022c10.404,10.404,24.239,16.145,38.973,16.145c14.738,0,28.557-5.741,38.975-16.137  c7.214-7.199,19.729-7.231,26.928,0c19.519,19.494,52.776,20.123,73.565-0.628c7.539-7.537,20.602-7.57,28.2,0.033  c20.438,20.405,53.679,20.445,74.214-0.056c7.375-7.394,20.71-7.41,28.118,0.015c19.857,19.834,54.386,19.826,74.195,0.024  c7.569-7.562,20.648-7.562,28.168-0.016c19.841,19.818,54.419,19.818,74.212-0.017C496.678,418.675,496.678,408.376,490.3,402.03z\"><\/path><\/g><g><\/g><g><\/g><g><\/g><g><\/g><g><\/g><g><\/g><g><\/g><g><\/g><g><\/g><g><\/g><g><\/g><g><\/g><g><\/g><g><\/g><g><\/g><\/svg>\t\t\t\t\t\t<\/span>\n\t\t\t\t\t\t\t\t\t\t<span class=\"elementor-icon-list-text\">Hallenbad in Zell am See<\/span>\n\t\t\t\t\t\t\t\t\t<\/li>\n\t\t\t\t\t\t<\/ul>\n\t\t\t\t\t\t<\/div>\n\t\t\t\t<\/div>\n\t\t\t\t\t<\/div>\n\t\t<\/div>\n\t\t\t\t\t<\/div>\n\t\t<\/section>\n\t\t\t\t<section class=\"elementor-section elementor-top-section elementor-element elementor-element-59d56b8 elementor-section-boxed elementor-section-height-default elementor-section-height-default\" data-id=\"59d56b8\" data-element_type=\"section\" data-e-type=\"section\">\n\t\t\t\t\t\t<div class=\"elementor-container elementor-column-gap-default\">\n\t\t\t\t\t<div class=\"elementor-column elementor-col-100 elementor-top-column elementor-element elementor-element-2189a49\" data-id=\"2189a49\" data-element_type=\"column\" data-e-type=\"column\">\n\t\t\t<div class=\"elementor-widget-wrap elementor-element-populated\">\n\t\t\t\t\t\t<div class=\"elementor-element elementor-element-8267cff elementor-widget elementor-widget-text-editor\" data-id=\"8267cff\" data-element_type=\"widget\" data-e-type=\"widget\" data-widget_type=\"text-editor.default\">\n\t\t\t\t<div class=\"elementor-widget-container\">\n\t\t\t\t\t\t\t\t\t<p>In Zell am See gibt es ein Hallenbad mit Sauna. T\u00e4glich von 10 Uhr bis 22 Uhr. Der Preis f\u00fcr Sauna und Pool betr\u00e4gt \u20ac 26,00 pro Erwachsenen. Der Eintritt ins Schwimmbad kostet \u20ac 17,10 mit G\u00e4stekarte.<\/p><p>Kinder bis zu 6 Jahren sind kostenlos. Und Kinder ab 6 Jahren zahlen \u20ac10,20<\/p><p>Diese Preise gelten nur bei Vorlage Ihrer G\u00e4stekarte.<\/p><p>Ein Wettkampfbecken mit einem 3 Meter hohen Sprungturm und einem 1 Meter hohen Sprungbrett. Eine 67-Meter-Dunkelloch-Rutsche und ein Kinderbecken mit Piratenschiff.<\/p>\t\t\t\t\t\t\t\t<\/div>\n\t\t\t\t<\/div>\n\t\t\t\t\t<\/div>\n\t\t<\/div>\n\t\t\t\t\t<\/div>\n\t\t<\/section>\n\t\t\t\t<\/div>","protected":false},"excerpt":{"rendered":"<p>Tauern Spa In Kaprun is de Tauern Spa gelegen. Haus Piesendorf is partner van de Spa, daarom ontvangen al onze gasten 10% korting op alle entreekaarten. U kunt de kaarten rechtstreeks bij ons bestellen, dit voorkomt wachttijden bij de kassa. De Tauern Spa is dagelijks geopend van 9.00 uur tot 21.00 uur. Dagkaart voor alleen [&hellip;]<\/p>\n","protected":false},"author":2,"featured_media":0,"parent":0,"menu_order":0,"comment_status":"closed","ping_status":"closed","template":"","meta":{"site-sidebar-layout":"no-sidebar","site-content-layout":"page-builder","ast-site-content-layout":"default","site-content-style":"default","site-sidebar-style":"default","ast-global-header-display":"","ast-banner-title-visibility":"","ast-main-header-display":"","ast-hfb-above-header-display":"","ast-hfb-below-header-display":"","ast-hfb-mobile-header-display":"","site-post-title":"disabled","ast-breadcrumbs-content":"","ast-featured-img":"disabled","footer-sml-layout":"","ast-disable-related-posts":"","theme-transparent-header-meta":"","adv-header-id-meta":"","stick-header-meta":"","header-above-stick-meta":"","header-main-stick-meta":"","header-below-stick-meta":"","astra-migrate-meta-layouts":"default","ast-page-background-enabled":"default","ast-page-background-meta":{"desktop":{"background-color":"var(--ast-global-color-4)","background-image":"","background-repeat":"repeat","background-position":"center center","background-size":"auto","background-attachment":"scroll","background-type":"","background-media":"","overlay-type":"","overlay-color":"","overlay-opacity":"","overlay-gradient":""},"tablet":{"background-color":"","background-image":"","background-repeat":"repeat","background-position":"center center","background-size":"auto","background-attachment":"scroll","background-type":"","background-media":"","overlay-type":"","overlay-color":"","overlay-opacity":"","overlay-gradient":""},"mobile":{"background-color":"","background-image":"","background-repeat":"repeat","background-position":"center center","background-size":"auto","background-attachment":"scroll","background-type":"","background-media":"","overlay-type":"","overlay-color":"","overlay-opacity":"","overlay-gradient":""}},"ast-content-background-meta":{"desktop":{"background-color":"var(--ast-global-color-5)","background-image":"","background-repeat":"repeat","background-position":"center center","background-size":"auto","background-attachment":"scroll","background-type":"","background-media":"","overlay-type":"","overlay-color":"","overlay-opacity":"","overlay-gradient":""},"tablet":{"background-color":"var(--ast-global-color-5)","background-image":"","background-repeat":"repeat","background-position":"center center","background-size":"auto","background-attachment":"scroll","background-type":"","background-media":"","overlay-type":"","overlay-color":"","overlay-opacity":"","overlay-gradient":""},"mobile":{"background-color":"var(--ast-global-color-5)","background-image":"","background-repeat":"repeat","background-position":"center center","background-size":"auto","background-attachment":"scroll","background-type":"","background-media":"","overlay-type":"","overlay-color":"","overlay-opacity":"","overlay-gradient":""}},"footnotes":""},"class_list":["post-388","page","type-page","status-publish","hentry"],"_links":{"self":[{"href":"https:\/\/haus-piesendorf.gaeste-mappe.at\/de\/wp-json\/wp\/v2\/pages\/388","targetHints":{"allow":["GET"]}}],"collection":[{"href":"https:\/\/haus-piesendorf.gaeste-mappe.at\/de\/wp-json\/wp\/v2\/pages"}],"about":[{"href":"https:\/\/haus-piesendorf.gaeste-mappe.at\/de\/wp-json\/wp\/v2\/types\/page"}],"author":[{"embeddable":true,"href":"https:\/\/haus-piesendorf.gaeste-mappe.at\/de\/wp-json\/wp\/v2\/users\/2"}],"replies":[{"embeddable":true,"href":"https:\/\/haus-piesendorf.gaeste-mappe.at\/de\/wp-json\/wp\/v2\/comments?post=388"}],"version-history":[{"count":18,"href":"https:\/\/haus-piesendorf.gaeste-mappe.at\/de\/wp-json\/wp\/v2\/pages\/388\/revisions"}],"predecessor-version":[{"id":15781,"href":"https:\/\/haus-piesendorf.gaeste-mappe.at\/de\/wp-json\/wp\/v2\/pages\/388\/revisions\/15781"}],"wp:attachment":[{"href":"https:\/\/haus-piesendorf.gaeste-mappe.at\/de\/wp-json\/wp\/v2\/media?parent=388"}],"curies":[{"name":"wp","href":"https:\/\/api.w.org\/{rel}","templated":true}]}}