{"id":375,"date":"2021-11-02T12:10:47","date_gmt":"2021-11-02T12:10:47","guid":{"rendered":"https:\/\/demo.zorentino.com\/?page_id=375"},"modified":"2024-12-27T11:00:55","modified_gmt":"2024-12-27T11:00:55","slug":"rodeln-im-sommer","status":"publish","type":"page","link":"https:\/\/haus-piesendorf.gaeste-mappe.at\/de\/rodeln-sommer\/","title":{"rendered":"Rodeln Sommer"},"content":{"rendered":"<div data-elementor-type=\"wp-page\" data-elementor-id=\"375\" class=\"elementor elementor-375\" data-elementor-post-type=\"page\">\n\t\t\t\t\t\t<section class=\"elementor-section elementor-top-section elementor-element elementor-element-3473c647 elementor-section-boxed elementor-section-height-default elementor-section-height-default\" data-id=\"3473c647\" data-element_type=\"section\" data-e-type=\"section\" data-settings=\"{&quot;background_background&quot;:&quot;classic&quot;}\">\n\t\t\t\t\t\t<div class=\"elementor-container elementor-column-gap-default\">\n\t\t\t\t\t<div class=\"elementor-column elementor-col-100 elementor-top-column elementor-element elementor-element-76038f17\" data-id=\"76038f17\" data-element_type=\"column\" data-e-type=\"column\">\n\t\t\t<div class=\"elementor-widget-wrap elementor-element-populated\">\n\t\t\t\t\t\t<div class=\"elementor-element elementor-element-7b20a10a kopf elementor-icon-list--layout-traditional elementor-list-item-link-full_width elementor-widget elementor-widget-icon-list\" data-id=\"7b20a10a\" data-element_type=\"widget\" data-e-type=\"widget\" data-widget_type=\"icon-list.default\">\n\t\t\t\t<div class=\"elementor-widget-container\">\n\t\t\t\t\t\t\t<ul class=\"elementor-icon-list-items\">\n\t\t\t\t\t\t\t<li class=\"elementor-icon-list-item\">\n\t\t\t\t\t\t\t\t\t\t\t<span class=\"elementor-icon-list-icon\">\n\t\t\t\t\t\t\t<svg xmlns=\"http:\/\/www.w3.org\/2000\/svg\" height=\"512\" viewbox=\"0 0 48 48\" width=\"512\"><g id=\"sled\"><path d=\"m37 30a7 7 0 0 0 0-14c-2.69 0-3.52-.23-3.89.55l-2.73 5.45h-25.38c-2.56 0-.35 8 6 8v4h-6a1 1 0 0 0 0 2h32a7 7 0 0 0 7-7 1 1 0 0 0 -2 0 5 5 0 0 1 -5 5h-1v-4zm-3 4h-21v-4h21z\"><\/path><\/g><\/svg>\t\t\t\t\t\t<\/span>\n\t\t\t\t\t\t\t\t\t\t<span class=\"elementor-icon-list-text\">Rodeln \/ Sommer<\/span>\n\t\t\t\t\t\t\t\t\t<\/li>\n\t\t\t\t\t\t<\/ul>\n\t\t\t\t\t\t<\/div>\n\t\t\t\t<\/div>\n\t\t\t\t\t<\/div>\n\t\t<\/div>\n\t\t\t\t\t<\/div>\n\t\t<\/section>\n\t\t\t\t<section class=\"elementor-section elementor-top-section elementor-element elementor-element-6b4d95c8 elementor-section-boxed elementor-section-height-default elementor-section-height-default\" data-id=\"6b4d95c8\" data-element_type=\"section\" data-e-type=\"section\">\n\t\t\t\t\t\t<div class=\"elementor-container elementor-column-gap-default\">\n\t\t\t\t\t<div class=\"elementor-column elementor-col-100 elementor-top-column elementor-element elementor-element-58950ecb\" data-id=\"58950ecb\" data-element_type=\"column\" data-e-type=\"column\">\n\t\t\t<div class=\"elementor-widget-wrap elementor-element-populated\">\n\t\t\t\t\t\t<div class=\"elementor-element elementor-element-251d8959 elementor-icon-list--layout-traditional elementor-list-item-link-full_width elementor-widget elementor-widget-icon-list\" data-id=\"251d8959\" data-element_type=\"widget\" data-e-type=\"widget\" data-widget_type=\"icon-list.default\">\n\t\t\t\t<div class=\"elementor-widget-container\">\n\t\t\t\t\t\t\t<ul class=\"elementor-icon-list-items\">\n\t\t\t\t\t\t\t<li class=\"elementor-icon-list-item\">\n\t\t\t\t\t\t\t\t\t\t\t<span class=\"elementor-icon-list-icon\">\n\t\t\t\t\t\t\t<svg xmlns=\"http:\/\/www.w3.org\/2000\/svg\" height=\"512\" viewbox=\"0 0 48 48\" width=\"512\"><g id=\"sled\"><path d=\"m37 30a7 7 0 0 0 0-14c-2.69 0-3.52-.23-3.89.55l-2.73 5.45h-25.38c-2.56 0-.35 8 6 8v4h-6a1 1 0 0 0 0 2h32a7 7 0 0 0 7-7 1 1 0 0 0 -2 0 5 5 0 0 1 -5 5h-1v-4zm-3 4h-21v-4h21z\"><\/path><\/g><\/svg>\t\t\t\t\t\t<\/span>\n\t\t\t\t\t\t\t\t\t\t<span class=\"elementor-icon-list-text\">Maisi Flitzer <\/span>\n\t\t\t\t\t\t\t\t\t<\/li>\n\t\t\t\t\t\t<\/ul>\n\t\t\t\t\t\t<\/div>\n\t\t\t\t<\/div>\n\t\t\t\t\t<\/div>\n\t\t<\/div>\n\t\t\t\t\t<\/div>\n\t\t<\/section>\n\t\t\t\t<section class=\"elementor-section elementor-top-section elementor-element elementor-element-3c5c77fc elementor-section-boxed elementor-section-height-default elementor-section-height-default\" data-id=\"3c5c77fc\" data-element_type=\"section\" data-e-type=\"section\">\n\t\t\t\t\t\t<div class=\"elementor-container elementor-column-gap-default\">\n\t\t\t\t\t<div class=\"elementor-column elementor-col-50 elementor-top-column elementor-element elementor-element-1b32ea80\" data-id=\"1b32ea80\" data-element_type=\"column\" data-e-type=\"column\">\n\t\t\t<div class=\"elementor-widget-wrap elementor-element-populated\">\n\t\t\t\t\t\t<div class=\"elementor-element elementor-element-47c6e6c elementor-widget elementor-widget-image\" data-id=\"47c6e6c\" data-element_type=\"widget\" data-e-type=\"widget\" data-widget_type=\"image.default\">\n\t\t\t\t<div class=\"elementor-widget-container\">\n\t\t\t\t\t\t\t\t\t\t\t\t\t\t\t<img fetchpriority=\"high\" decoding=\"async\" width=\"960\" height=\"640\" src=\"https:\/\/haus-piesendorf.gaeste-mappe.at\/wp-content\/uploads\/2024\/12\/sommerrodelbahn.webp\" class=\"attachment-large size-large wp-image-13693\" alt=\"\" srcset=\"https:\/\/haus-piesendorf.gaeste-mappe.at\/wp-content\/uploads\/2024\/12\/sommerrodelbahn.webp 960w, https:\/\/haus-piesendorf.gaeste-mappe.at\/wp-content\/uploads\/2024\/12\/sommerrodelbahn-300x200.webp 300w, https:\/\/haus-piesendorf.gaeste-mappe.at\/wp-content\/uploads\/2024\/12\/sommerrodelbahn-768x512.webp 768w, https:\/\/haus-piesendorf.gaeste-mappe.at\/wp-content\/uploads\/2024\/12\/sommerrodelbahn-18x12.webp 18w\" sizes=\"(max-width: 960px) 100vw, 960px\" \/>\t\t\t\t\t\t\t\t\t\t\t\t\t\t\t<\/div>\n\t\t\t\t<\/div>\n\t\t\t\t\t<\/div>\n\t\t<\/div>\n\t\t\t\t<div class=\"elementor-column elementor-col-50 elementor-top-column elementor-element elementor-element-1e2f282\" data-id=\"1e2f282\" data-element_type=\"column\" data-e-type=\"column\">\n\t\t\t<div class=\"elementor-widget-wrap elementor-element-populated\">\n\t\t\t\t\t\t<div class=\"elementor-element elementor-element-f4fe969 elementor-widget elementor-widget-text-editor\" data-id=\"f4fe969\" data-element_type=\"widget\" data-e-type=\"widget\" data-widget_type=\"text-editor.default\">\n\t\t\t\t<div class=\"elementor-widget-container\">\n\t\t\t\t\t\t\t\t\t<p>Mit Vollgas hinunter: Die erste Alpen-Achterbahn im SalzburgerLand verspricht Spa\u00df f\u00fcr die ganze Familie. In sicheren Zweisitzern sausen Jung und Alt mit bis zu 40 km\/h die Schienen hinunter.<\/p><p>Aufregende Elemente wie Wellen, Spr\u00fcnge und Strudel sorgen f\u00fcr einen Adrenalinschub und erf\u00fcllen den Maiskogel im Sommer mit Jubel. Der Maisi Flitzer ist viel mehr als eine gew\u00f6hnliche Sommerrodelbahn - er ist ein vielseitiges Ausflugsziel, das sowohl im Sommer als auch im Winter ein einzigartiges Rodelerlebnis auf dem Alpine Coaster bietet.<\/p><p><span style=\"text-decoration: underline;\"><a href=\"https:\/\/www.kitzsteinhorn.at\/de\/sommer\/maisiflitzer\" target=\"_blank\" rel=\"noopener\">https:\/\/www.kitzsteinhorn.at\/de\/sommer\/maisiflitzer<\/a><\/span><\/p>\t\t\t\t\t\t\t\t<\/div>\n\t\t\t\t<\/div>\n\t\t\t\t\t<\/div>\n\t\t<\/div>\n\t\t\t\t\t<\/div>\n\t\t<\/section>\n\t\t\t\t<section class=\"elementor-section elementor-top-section elementor-element elementor-element-369fb2da elementor-section-boxed elementor-section-height-default elementor-section-height-default\" data-id=\"369fb2da\" data-element_type=\"section\" data-e-type=\"section\">\n\t\t\t\t\t\t<div class=\"elementor-container elementor-column-gap-default\">\n\t\t\t\t\t<div class=\"elementor-column elementor-col-100 elementor-top-column elementor-element elementor-element-5451e3cb\" data-id=\"5451e3cb\" data-element_type=\"column\" data-e-type=\"column\">\n\t\t\t<div class=\"elementor-widget-wrap elementor-element-populated\">\n\t\t\t\t\t\t<div class=\"elementor-element elementor-element-2b73c807 elementor-icon-list--layout-traditional elementor-list-item-link-full_width elementor-widget elementor-widget-icon-list\" data-id=\"2b73c807\" data-element_type=\"widget\" data-e-type=\"widget\" data-widget_type=\"icon-list.default\">\n\t\t\t\t<div class=\"elementor-widget-container\">\n\t\t\t\t\t\t\t<ul class=\"elementor-icon-list-items\">\n\t\t\t\t\t\t\t<li class=\"elementor-icon-list-item\">\n\t\t\t\t\t\t\t\t\t\t\t<span class=\"elementor-icon-list-icon\">\n\t\t\t\t\t\t\t<svg xmlns=\"http:\/\/www.w3.org\/2000\/svg\" height=\"512\" viewbox=\"0 0 48 48\" width=\"512\"><g id=\"sled\"><path d=\"m37 30a7 7 0 0 0 0-14c-2.69 0-3.52-.23-3.89.55l-2.73 5.45h-25.38c-2.56 0-.35 8 6 8v4h-6a1 1 0 0 0 0 2h32a7 7 0 0 0 7-7 1 1 0 0 0 -2 0 5 5 0 0 1 -5 5h-1v-4zm-3 4h-21v-4h21z\"><\/path><\/g><\/svg>\t\t\t\t\t\t<\/span>\n\t\t\t\t\t\t\t\t\t\t<span class=\"elementor-icon-list-text\">Sommerrodelbahn am Biberg in Saalfelden<\/span>\n\t\t\t\t\t\t\t\t\t<\/li>\n\t\t\t\t\t\t<\/ul>\n\t\t\t\t\t\t<\/div>\n\t\t\t\t<\/div>\n\t\t\t\t\t<\/div>\n\t\t<\/div>\n\t\t\t\t\t<\/div>\n\t\t<\/section>\n\t\t\t\t<section class=\"elementor-section elementor-top-section elementor-element elementor-element-37fe4b6c elementor-section-boxed elementor-section-height-default elementor-section-height-default\" data-id=\"37fe4b6c\" data-element_type=\"section\" data-e-type=\"section\">\n\t\t\t\t\t\t<div class=\"elementor-container elementor-column-gap-default\">\n\t\t\t\t\t<div class=\"elementor-column elementor-col-50 elementor-top-column elementor-element elementor-element-385db2cf\" data-id=\"385db2cf\" data-element_type=\"column\" data-e-type=\"column\">\n\t\t\t<div class=\"elementor-widget-wrap elementor-element-populated\">\n\t\t\t\t\t\t<div class=\"elementor-element elementor-element-1d4c1ce elementor-widget elementor-widget-image\" data-id=\"1d4c1ce\" data-element_type=\"widget\" data-e-type=\"widget\" data-widget_type=\"image.default\">\n\t\t\t\t<div class=\"elementor-widget-container\">\n\t\t\t\t\t\t\t\t\t\t\t\t\t\t\t<img decoding=\"async\" width=\"796\" height=\"500\" src=\"https:\/\/haus-piesendorf.gaeste-mappe.at\/wp-content\/uploads\/2024\/12\/sommerrodelbahn-biberg.jpg\" class=\"attachment-large size-large wp-image-14643\" alt=\"\" srcset=\"https:\/\/haus-piesendorf.gaeste-mappe.at\/wp-content\/uploads\/2024\/12\/sommerrodelbahn-biberg.jpg 796w, https:\/\/haus-piesendorf.gaeste-mappe.at\/wp-content\/uploads\/2024\/12\/sommerrodelbahn-biberg-300x188.jpg 300w, https:\/\/haus-piesendorf.gaeste-mappe.at\/wp-content\/uploads\/2024\/12\/sommerrodelbahn-biberg-768x482.jpg 768w, https:\/\/haus-piesendorf.gaeste-mappe.at\/wp-content\/uploads\/2024\/12\/sommerrodelbahn-biberg-18x12.jpg 18w\" sizes=\"(max-width: 796px) 100vw, 796px\" \/>\t\t\t\t\t\t\t\t\t\t\t\t\t\t\t<\/div>\n\t\t\t\t<\/div>\n\t\t\t\t\t<\/div>\n\t\t<\/div>\n\t\t\t\t<div class=\"elementor-column elementor-col-50 elementor-top-column elementor-element elementor-element-fdb85d4\" data-id=\"fdb85d4\" data-element_type=\"column\" data-e-type=\"column\">\n\t\t\t<div class=\"elementor-widget-wrap elementor-element-populated\">\n\t\t\t\t\t\t<div class=\"elementor-element elementor-element-7d4d421 elementor-widget elementor-widget-text-editor\" data-id=\"7d4d421\" data-element_type=\"widget\" data-e-type=\"widget\" data-widget_type=\"text-editor.default\">\n\t\t\t\t<div class=\"elementor-widget-container\">\n\t\t\t\t\t\t\t\t\t<p>Ein Abenteuer f\u00fcr die ganze Familie erwartet Sie auf der 1,6 Kilometer langen Sommerrodelbahn am Biberg - ein Highlight f\u00fcr jeden Urlaub! Steigen Sie ein, dr\u00fccken Sie den Hebel nach vorne und die rasante Abfahrt kann beginnen.\u00a0<\/p><p>Auf dem Weg nach unten \u00fcberbr\u00fccken Sie 345 H\u00f6henmeter, machen 61 Kurven und erleben drei spektakul\u00e4re Spr\u00fcnge. Ob Sie Geschwindigkeit m\u00f6gen oder lieber sanft gleiten - mit dem Hebel bestimmen Sie Ihr eigenes Tempo.<\/p><p>Die Sommerrodelbahn befindet sich am Biberg in Saalfelden.<\/p><p><span style=\"text-decoration: underline;\"><a href=\"https:\/\/sommerrodeln-saalfelden.at\" target=\"_blank\" rel=\"noopener\">sommerrodeln-saalfelden.at<\/a><\/span><\/p>\t\t\t\t\t\t\t\t<\/div>\n\t\t\t\t<\/div>\n\t\t\t\t\t<\/div>\n\t\t<\/div>\n\t\t\t\t\t<\/div>\n\t\t<\/section>\n\t\t\t\t<\/div>","protected":false},"excerpt":{"rendered":"<p>Rodele \/ Zomer Maisi flitzer Met volle vaart naar beneden: De eerste Alpenachtbaan in het SalzburgerLand belooft plezier voor het hele gezin. In veilige tweepersoonswagens suizen jong en oud over de rails met snelheden tot 40 km\/u naar beneden. Spannende elementen zoals golven, sprongen en draaikolken zorgen voor een adrenalineboost en vullen de Maiskogel in [&hellip;]<\/p>\n","protected":false},"author":2,"featured_media":0,"parent":0,"menu_order":0,"comment_status":"closed","ping_status":"closed","template":"","meta":{"site-sidebar-layout":"no-sidebar","site-content-layout":"page-builder","ast-site-content-layout":"default","site-content-style":"default","site-sidebar-style":"default","ast-global-header-display":"","ast-banner-title-visibility":"","ast-main-header-display":"","ast-hfb-above-header-display":"","ast-hfb-below-header-display":"","ast-hfb-mobile-header-display":"","site-post-title":"disabled","ast-breadcrumbs-content":"","ast-featured-img":"disabled","footer-sml-layout":"","ast-disable-related-posts":"","theme-transparent-header-meta":"","adv-header-id-meta":"","stick-header-meta":"","header-above-stick-meta":"","header-main-stick-meta":"","header-below-stick-meta":"","astra-migrate-meta-layouts":"default","ast-page-background-enabled":"default","ast-page-background-meta":{"desktop":{"background-color":"var(--ast-global-color-4)","background-image":"","background-repeat":"repeat","background-position":"center center","background-size":"auto","background-attachment":"scroll","background-type":"","background-media":"","overlay-type":"","overlay-color":"","overlay-opacity":"","overlay-gradient":""},"tablet":{"background-color":"","background-image":"","background-repeat":"repeat","background-position":"center center","background-size":"auto","background-attachment":"scroll","background-type":"","background-media":"","overlay-type":"","overlay-color":"","overlay-opacity":"","overlay-gradient":""},"mobile":{"background-color":"","background-image":"","background-repeat":"repeat","background-position":"center center","background-size":"auto","background-attachment":"scroll","background-type":"","background-media":"","overlay-type":"","overlay-color":"","overlay-opacity":"","overlay-gradient":""}},"ast-content-background-meta":{"desktop":{"background-color":"var(--ast-global-color-5)","background-image":"","background-repeat":"repeat","background-position":"center center","background-size":"auto","background-attachment":"scroll","background-type":"","background-media":"","overlay-type":"","overlay-color":"","overlay-opacity":"","overlay-gradient":""},"tablet":{"background-color":"var(--ast-global-color-5)","background-image":"","background-repeat":"repeat","background-position":"center center","background-size":"auto","background-attachment":"scroll","background-type":"","background-media":"","overlay-type":"","overlay-color":"","overlay-opacity":"","overlay-gradient":""},"mobile":{"background-color":"var(--ast-global-color-5)","background-image":"","background-repeat":"repeat","background-position":"center center","background-size":"auto","background-attachment":"scroll","background-type":"","background-media":"","overlay-type":"","overlay-color":"","overlay-opacity":"","overlay-gradient":""}},"footnotes":""},"class_list":["post-375","page","type-page","status-publish","hentry"],"_links":{"self":[{"href":"https:\/\/haus-piesendorf.gaeste-mappe.at\/de\/wp-json\/wp\/v2\/pages\/375","targetHints":{"allow":["GET"]}}],"collection":[{"href":"https:\/\/haus-piesendorf.gaeste-mappe.at\/de\/wp-json\/wp\/v2\/pages"}],"about":[{"href":"https:\/\/haus-piesendorf.gaeste-mappe.at\/de\/wp-json\/wp\/v2\/types\/page"}],"author":[{"embeddable":true,"href":"https:\/\/haus-piesendorf.gaeste-mappe.at\/de\/wp-json\/wp\/v2\/users\/2"}],"replies":[{"embeddable":true,"href":"https:\/\/haus-piesendorf.gaeste-mappe.at\/de\/wp-json\/wp\/v2\/comments?post=375"}],"version-history":[{"count":0,"href":"https:\/\/haus-piesendorf.gaeste-mappe.at\/de\/wp-json\/wp\/v2\/pages\/375\/revisions"}],"wp:attachment":[{"href":"https:\/\/haus-piesendorf.gaeste-mappe.at\/de\/wp-json\/wp\/v2\/media?parent=375"}],"curies":[{"name":"wp","href":"https:\/\/api.w.org\/{rel}","templated":true}]}}